{"id":76,"date":"2018-05-05T02:53:01","date_gmt":"2018-05-05T00:53:01","guid":{"rendered":"http:\/\/www.silviasestito.it\/?page_id=76"},"modified":"2024-11-09T07:59:33","modified_gmt":"2024-11-09T06:59:33","slug":"biografia-2","status":"publish","type":"page","link":"https:\/\/silviasestito.it\/?page_id=76","title":{"rendered":"Note biografiche"},"content":{"rendered":"<div id=\"pl-76\" class=\"panel-layout\">\n<div id=\"pg-76-0\" class=\"panel-grid panel-has-style\" data-style=\"{&quot;background&quot;:&quot;#ffffff&quot;,&quot;background_image_attachment&quot;:&quot;77&quot;,&quot;background_image_attachment_fallback&quot;:false,&quot;background_display&quot;:&quot;parallax&quot;,&quot;row_stretch&quot;:&quot;full&quot;,&quot;collapse_behaviour&quot;:&quot;no_collapse&quot;,&quot;cell_alignment&quot;:&quot;center&quot;}\" data-ratio=\"1\" data-ratio-direction=\"right\">\n<div class=\"siteorigin-panels-stretch panel-row-style panel-row-style-for-76-0\" data-siteorigin-parallax=\"{&quot;backgroundUrl&quot;:&quot;http:\\\/\\\/www.silviasestito.it\\\/wp-content\\\/uploads\\\/2018\\\/05\\\/biografia.png&quot;,&quot;backgroundSize&quot;:[1500,1125],&quot;backgroundSizing&quot;:&quot;scaled&quot;,&quot;limitMotion&quot;:&quot;auto&quot;}\" data-stretch-type=\"full\">\n<div id=\"pgc-76-0-0\" class=\"panel-grid-cell\" data-weight=\"1\">\n<div id=\"panel-76-0-0-0\" class=\"so-panel widget widget_black-studio-tinymce widget_black_studio_tinymce panel-first-child panel-last-child\" data-index=\"0\" data-style=\"{&quot;background_image_attachment&quot;:false,&quot;background_image_attachment_fallback&quot;:false,&quot;background_display&quot;:&quot;tile&quot;}\">\n<div class=\"textwidget\">\n<p style=\"text-align: center;\"><img loading=\"lazy\" decoding=\"async\" class=\"size-medium wp-image-241 alignleft\" src=\"https:\/\/silviasestito.it\/wp-content\/uploads\/2019\/06\/SESTITO-1-200x300.jpg\" alt=\"\" width=\"200\" height=\"300\" srcset=\"https:\/\/silviasestito.it\/wp-content\/uploads\/2019\/06\/SESTITO-1-200x300.jpg 200w, https:\/\/silviasestito.it\/wp-content\/uploads\/2019\/06\/SESTITO-1-768x1152.jpg 768w, https:\/\/silviasestito.it\/wp-content\/uploads\/2019\/06\/SESTITO-1-683x1024.jpg 683w, https:\/\/silviasestito.it\/wp-content\/uploads\/2019\/06\/SESTITO-1.jpg 800w\" sizes=\"auto, (max-width: 200px) 100vw, 200px\" \/><\/p>\n<p style=\"text-align: left;\"><strong>Silvia Sestito<\/strong> nasce a Reggio Calabria il 26 Luglio 1961<\/p>\n<div class=\"x_gmail-_3-8w\" style=\"text-align: left;\">\n<p>Docente immessa in ruolo come vincitrice di concorso a cattedra per la scuola secondaria di primo gra<span class=\"x_gmail-text_exposed_show\">do l&#8217;1\/9\/1986 (Concorso ordinario per titoli ed esami n\u00b0 788 12\/2\/1985), dal 1987 ha prestato servizio presso la S.M.S &#8220;Pythagoras&#8221; di Reggio Calabria.<br \/>E&#8217; stata componente degli OO.CC e docente impegnata anche in qualit\u00e0 di referente su progetti di Educazione alla Legalit\u00e0, Giornalismo, Intercultura, nei cui ambiti ha svolto attivit\u00e0 progettuale, di ricerca e sperimentazione particolarmente sugli aspetti legati alla didattica pro-sociale, alla valutazione, alla progettazione didattica multimediale ed ha organizzato iniziative finalizzate alla promozione culturale nell&#8217;interscambio scuola\/territorio. Ha svolto l&#8217;incarico di funzione strumentale al P.O.F (art. 28 del C.C.N.L. 26\/5\/99) con decreto di attribuzione di Funzione obiettivo sull&#8217;area 1 &#8211; Gestione del Piano dell&#8217;Offerta Formativa.<\/span><\/p>\n<p>Ha svolto il ruolo di Dirigente Tecnico con funzioni ispettive presso il Ministero della Pubblica Istruzione Direzione Generale della Calabria. Impegnata sui temi di psicologia sociale e dell\u2019educazione, nelle attivit\u00e0 di ricerca \u2014 azione per il sostegno all\u2019innovazione ed alla formazione, ha collaborato con l\u2019Istituto Regionale di Ricerca Educativa per la Calabria.<\/p>\n<\/div>\n<div class=\"x_gmail-text_exposed_root x_gmail-text_exposed\" style=\"text-align: left;\"><span class=\"x_gmail-text_exposed_show\">\u00a0<\/span><\/div>\n<div class=\"x_gmail-_3-8w\" style=\"text-align: left;\">\n<div id=\"x_gmail-id_5aed4ea56ba570032909790\" class=\"x_gmail-text_exposed_root x_gmail-text_exposed\">\n<p><span class=\"x_gmail-text_exposed_show\"><strong>Pubblicazioni:<\/strong><\/span><\/p>\n<p><a href=\"https:\/\/www.kimerik.it\/libro\/4944\/piani-paralleli-silvia-sestito\/\">&#8220;Piani Paralleli&#8221;, edito nel 2001 da Domenico Laruffa<\/a><br \/><a href=\"https:\/\/www.ibs.it\/pensiero-dominante-libro-silvia-sestito\/e\/9788888947020\">&#8220;Il pensiero dominante&#8221;, nel Marzo 2003 da IRIDE &#8211; Gruppo editoriale Rubbettino<\/a><br \/><a href=\"https:\/\/www.ibs.it\/del-tempo-oscuro-libro-silvia-sestito\/e\/9788860963550\">&#8220;Del Tempo oscuro&#8221;, edito nel 2009 da Casa Editrice<\/a><\/p>\n<p><a href=\"https:\/\/www.ibs.it\/ventidue-soli-libro-silvia-sestito\/e\/9788896857397\">&#8220;Ventidue soli&#8221; edito da Fondazione sperimentale reggina\u00a0 \u00a0<\/a><\/p>\n<p><a href=\"https:\/\/www.kimerik.it\/libro\/4944\/piani-paralleli-silvia-sestito\/\">&#8220;Piani Paralleli&#8221;, edito nel 2023 da Kimerik<\/a><\/p>\n<p>Ha pubblicato numerosi articoli per la \u201c<a href=\"https:\/\/gazzettadelsud.it\/\">Gazzetta del Sud<\/a>\u201d, per \u201c<a href=\"https:\/\/www.quotidianodelsud.it\/calabria\">Il Quotidiano della Calabria<\/a>\u201d, per \u201c<a href=\"https:\/\/www.editorialedomani.it\/\">Il Domani<\/a>\u201d e per \u201c<a href=\"https:\/\/www.giornaledicalabria.it\/\">Il Giornale di Calabria<\/a>\u201d oltre a contributi di cultura storico\u2014musicale per il mensile \u201cIl Quaderno\u201d e per il quotidiano online <a href=\"https:\/\/www.strill.it\/\"><span class=\"x_gmail-fwb\">www.strill.it<\/span><\/a><br \/>Ha collaborato con diverse riviste e per la pubblicazione di libri a carattere tecnico \u2013 pedagogico tra cui \u201cRiforma e didattica\u201d diretta da Franco Frabboni e \u201cScuola,famiglia e territorio nella logica della Legge 53\/2003\u201d edito nel Maggio 2005 da Grafiche Femia.<\/p>\n<p><strong>Attivit\u00e0 artistica:<\/strong><br \/>Ha svolto un&#8217;intensa attivit\u00e0 artistica come pianista e come cantore (voce soprano) del <a href=\"https:\/\/www.antonioguanti.org\/en\/choirs\/coro-polifonico-san-paolo\/\">Coro Polifonico San Paolo<\/a><\/p>\n<p><strong>Attivit\u00e0 sindacale:<\/strong><br \/>Dirigente Provinciale della <a href=\"https:\/\/www.gildareggiocal.it\/\">Gilda degli Insegnanti di Reggio Calabria<\/a><br \/>Dirigente Nazionale eletta dall&#8217;Assemblea del Maggio 2000 membro della Direzione Nazionale della Gilda degli Insegnanti<\/p>\n<p><strong>Attivit\u00e0 istituzionale:<\/strong><br \/>Presidente dell\u2019Associazione Culturale \u201c<a href=\"https:\/\/www.associazioneoltreaps.it\/\">Oltre<\/a>\u201d dal 1997<br \/>Dal 1997 al 2001 \u00e8 stata Consigliere alla IV Circoscrizione del <a href=\"https:\/\/www.reggiocal.it\/\">Comune di Reggio Calabria<\/a>, presso la quale fino al 2000 ha ricoperto il ruolo di Vice Presidente<br \/>Candidata alle Elezioni amministrative del 2001 del Comune di Reggio Calabria<br \/>Gi\u00e0 responsabile Pari Opportunit\u00e0 della Provincia di Reggio Calabria ha promosso varie iniziative di carattere sociale e di cooperazione internazionale al servizio dei minori, dei diversamente abili, delle fasce deboli<br \/>Dal 2000 ha ricoperto l&#8217;incarico di responsabile regionale per la Calabria della Consulta Pari Opportunit\u00e0<br \/>Gi\u00e0 componente del comitato di coordinamento dell\u2019Accademia di Arte Drammatica di Palmi in rappresentanza del Consiglio Regionale della Calabria e responsabile regionale della Consulta Scuola nello stesso 2000 \u00e8 attualmente componente della Consulta Nazionale<br \/>Designata alla Commissione permanente speciale Pari Opportunit\u00e0 del Consiglio Comunale di Reggio Calabria, nel 2001, ha ricoperto il ruolo di Vice Presidente<br \/>Designata componente della Commissione permanente Pari Opportunit\u00e0 dell\u2019Amministrazione provinciale di Reggio Calabria, nel 2003 ha ricoperto il ruolo di Vice Presidente<br \/>In qualit\u00e0 di Formatore professionale ha collaborato con numerosi organismi istituzional ed Enti per la l&#8217;educazione e la formazione<\/p>\n<\/div>\n<\/div>\n<div class=\"x_gmail-_50f4\" style=\"text-align: left;\"><strong>Premi<\/strong><\/div>\n<div class=\"x_gmail-_3-8w\" style=\"text-align: center;\">\n<div id=\"x_gmail-id_5aed4ea56bc1a8d53239466\" class=\"x_gmail-text_exposed_root x_gmail-text_exposed\" style=\"text-align: left;\">8 marzo 2002: <em>Mimosa d\u2019argento<\/em> per la Letteratura conferita da <a href=\"https:\/\/www.anassilaos.it\/\">Associazione culturale Anassilaos<\/a>.<br \/>Nel 2003: Premio \u201cDomenico Napoleone Vitale\u201d per la p<span class=\"x_gmail-text_exposed_show\">oesia in lingua inedita.<br \/><a href=\"https:\/\/www.fondazionedessi.it\/premio-letterario-giuseppe-dessi\/\">Premio Giuseppe Dess\u00ec<\/a><br \/>Finalista al Concorso \u201cCuori nella rete\u201d \u2013 Casa Editrice Kimerik<br \/>Nel 2009 \u00e8 stata inserita nella Letteratura Calabrese a cura di <a href=\"https:\/\/www.icsaicstoria.it\/dizionario\/crupi-pasquino\/\">Pasquino Crupi<\/a> edita da Pellegrini<\/span><\/div>\n<\/div>\n<\/div>\n<\/div>\n<\/div>\n<\/div>\n<\/div>\n<\/div>\n\n\n<p><\/p>\n","protected":false},"excerpt":{"rendered":"<p>Silvia Sestito nasce a Reggio Calabria il 26 Luglio 1961 Docente immessa in ruolo come vincitrice di concorso a cattedra per la scuola secondaria di primo grado l&#8217;1\/9\/1986 (Concorso ordinario per titoli ed esami n\u00b0 788 12\/2\/1985), dal 1987 ha prestato servizio presso la S.M.S &#8220;Pythagoras&#8221; di Reggio Calabria.E&#8217; stata componente degli OO.CC e docente [&hellip;]<\/p>\n","protected":false},"author":1,"featured_media":185,"parent":0,"menu_order":0,"comment_status":"closed","ping_status":"closed","template":"full-width-page.php","meta":{"footnotes":""},"class_list":["post-76","page","type-page","status-publish","has-post-thumbnail","hentry"],"_links":{"self":[{"href":"https:\/\/silviasestito.it\/index.php?rest_route=\/wp\/v2\/pages\/76","targetHints":{"allow":["GET"]}}],"collection":[{"href":"https:\/\/silviasestito.it\/index.php?rest_route=\/wp\/v2\/pages"}],"about":[{"href":"https:\/\/silviasestito.it\/index.php?rest_route=\/wp\/v2\/types\/page"}],"author":[{"embeddable":true,"href":"https:\/\/silviasestito.it\/index.php?rest_route=\/wp\/v2\/users\/1"}],"replies":[{"embeddable":true,"href":"https:\/\/silviasestito.it\/index.php?rest_route=%2Fwp%2Fv2%2Fcomments&post=76"}],"version-history":[{"count":3,"href":"https:\/\/silviasestito.it\/index.php?rest_route=\/wp\/v2\/pages\/76\/revisions"}],"predecessor-version":[{"id":339,"href":"https:\/\/silviasestito.it\/index.php?rest_route=\/wp\/v2\/pages\/76\/revisions\/339"}],"wp:featuredmedia":[{"embeddable":true,"href":"https:\/\/silviasestito.it\/index.php?rest_route=\/wp\/v2\/media\/185"}],"wp:attachment":[{"href":"https:\/\/silviasestito.it\/index.php?rest_route=%2Fwp%2Fv2%2Fmedia&parent=76"}],"curies":[{"name":"wp","href":"https:\/\/api.w.org\/{rel}","templated":true}]}}